{"id":684,"date":"2021-03-24T13:45:53","date_gmt":"2021-03-24T10:45:53","guid":{"rendered":"http:\/\/baskerville-tierfutter.de\/de\/?page_id=684"},"modified":"2021-03-24T13:47:21","modified_gmt":"2021-03-24T10:47:21","slug":"datenschutzhinweise","status":"publish","type":"page","link":"https:\/\/baskerville-tierfutter.de\/uk\/datenschutzhinweise\/","title":{"rendered":"Datenschutzhinweise"},"content":{"rendered":"\n<p>Ihre an uns \u00fcbermittelten Daten werden unter Beachtung der einschl\u00e4gigen Vorschriften der Bundesdatenschutzgesetze (BDSG) und des Teledienstdatenschutzgesetzes (TDDSG) von uns gespeichert und verarbeitet. Ihre pers\u00f6nlichen Daten werden nur f\u00fcr festgelegte, eindeutige und rechtm\u00e4\u00dfige Zwecke erhoben und nicht l\u00e4nger als n\u00f6tig personenbezogen aufbewahrt. Werden alle Informationen, die Sie uns zukommen lassen, h\u00f6chst vertraulich behandelt.Schreiben Sie einfach eine E-Mail oder rufen uns an,&nbsp;wenn Sie Fragen zum Thema Datenschutz haben. Info-Telefon: +49 173 5176904.<\/p>\n\n\n\n<p>Wir danken Ihnen f\u00fcr Ihr Vertrauen!<\/p>\n","protected":false},"excerpt":{"rendered":"<p>Ihre an uns \u00fcbermittelten Daten werden unter Beachtung der einschl\u00e4gigen Vorschriften der Bundesdatenschutzgesetze (BDSG) und des Teledienstdatenschutzgesetzes (TDDSG) von uns gespeichert und verarbeitet. Ihre pers\u00f6nlichen Daten werden nur f\u00fcr festgelegte, eindeutige und rechtm\u00e4\u00dfige Zwecke erhoben und nicht l\u00e4nger als n\u00f6tig personenbezogen aufbewahrt. Werden alle Informationen, die Sie uns zukommen lassen, h\u00f6chst vertraulich behandelt.Schreiben Sie einfach [&hellip;]<\/p>\n","protected":false},"author":1,"featured_media":0,"parent":0,"menu_order":0,"comment_status":"closed","ping_status":"closed","template":"","meta":{"footnotes":""},"class_list":["post-684","page","type-page","status-publish","hentry","entry"],"_links":{"self":[{"href":"https:\/\/baskerville-tierfutter.de\/uk\/wp-json\/wp\/v2\/pages\/684"}],"collection":[{"href":"https:\/\/baskerville-tierfutter.de\/uk\/wp-json\/wp\/v2\/pages"}],"about":[{"href":"https:\/\/baskerville-tierfutter.de\/uk\/wp-json\/wp\/v2\/types\/page"}],"author":[{"embeddable":true,"href":"https:\/\/baskerville-tierfutter.de\/uk\/wp-json\/wp\/v2\/users\/1"}],"replies":[{"embeddable":true,"href":"https:\/\/baskerville-tierfutter.de\/uk\/wp-json\/wp\/v2\/comments?post=684"}],"version-history":[{"count":1,"href":"https:\/\/baskerville-tierfutter.de\/uk\/wp-json\/wp\/v2\/pages\/684\/revisions"}],"predecessor-version":[{"id":685,"href":"https:\/\/baskerville-tierfutter.de\/uk\/wp-json\/wp\/v2\/pages\/684\/revisions\/685"}],"wp:attachment":[{"href":"https:\/\/baskerville-tierfutter.de\/uk\/wp-json\/wp\/v2\/media?parent=684"}],"curies":[{"name":"wp","href":"https:\/\/api.w.org\/{rel}","templated":true}]}}