{"id":681,"date":"2021-03-24T13:26:07","date_gmt":"2021-03-24T10:26:07","guid":{"rendered":"http:\/\/baskerville-tierfutter.de\/de\/?page_id=681"},"modified":"2022-05-22T21:01:05","modified_gmt":"2022-05-22T18:01:05","slug":"impressum","status":"publish","type":"page","link":"https:\/\/baskerville-tierfutter.de\/uk\/impressum\/","title":{"rendered":"Impressum"},"content":{"rendered":"\n<p><strong>Arvil Handels GmbH<\/strong><\/p>\n\n\n\n<p>Nebenbank 4<br>45472 M\u00fclheim an der Ruhr<br>Tel.: +49 (0173) 5176904<br>Fax +49 (0208) 76825861<br>E-Mail: info@arvil.de<br>www.baskerville-tierfutter.de<br>Gesch\u00e4ftsf\u00fchrer: Alexander Rudgartser<br>Eingetragen bei Amtsgericht Duisburg<br>Handelsregisternummer: HRB 24548<br>USt.-IdNr.: DE815405567<\/p>\n\n\n\n<p><strong>Bankverbindung<\/strong><\/p>\n\n\n\n<p>Sparkasse M\u00fclheim an der Ruhr<br>BLZ: 36250000<br>Konto-Nr.: 175132031<br>IBAN: DE 17 3625 0000 0175 1320 31<br>BIC: SPMHDE3EXXX<\/p>\n\n\n\n<p><strong>Haftungshinweis<\/strong><\/p>\n\n\n\n<p>Trotz sorgf\u00e4ltiger inhaltlicher Kontrolle<br>\u00fcbernehmen wir keine Haftung f\u00fcr die<br>Inhalte externer Links.<br>F\u00fcr den Inhalt der verlinkten Seiten sind<br>ausschlie\u00dflich deren<br>Betreiber verantwortlich.<\/p>\n\n\n\n<p><strong>Die B\u00fcrozeiten:<\/strong><\/p>\n\n\n\n<p>Montags, Dienstag, Mittwoch, Donnerstag, Freitag<br>zwischen 10.00 und 17.00 Uhr<\/p>\n","protected":false},"excerpt":{"rendered":"<p>Arvil Handels GmbH Nebenbank 445472 M\u00fclheim an der RuhrTel.: +49 (0173) 5176904Fax +49 (0208) 76825861E-Mail: info@arvil.dewww.baskerville-tierfutter.deGesch\u00e4ftsf\u00fchrer: Alexander RudgartserEingetragen bei Amtsgericht DuisburgHandelsregisternummer: HRB 24548USt.-IdNr.: DE815405567 Bankverbindung Sparkasse M\u00fclheim an der RuhrBLZ: 36250000Konto-Nr.: 175132031IBAN: DE 17 3625 0000 0175 1320 31BIC: SPMHDE3EXXX Haftungshinweis Trotz sorgf\u00e4ltiger inhaltlicher Kontrolle\u00fcbernehmen wir keine Haftung f\u00fcr dieInhalte externer Links.F\u00fcr den Inhalt der [&hellip;]<\/p>\n","protected":false},"author":1,"featured_media":0,"parent":0,"menu_order":0,"comment_status":"closed","ping_status":"closed","template":"","meta":{"footnotes":""},"class_list":["post-681","page","type-page","status-publish","hentry","entry"],"_links":{"self":[{"href":"https:\/\/baskerville-tierfutter.de\/uk\/wp-json\/wp\/v2\/pages\/681"}],"collection":[{"href":"https:\/\/baskerville-tierfutter.de\/uk\/wp-json\/wp\/v2\/pages"}],"about":[{"href":"https:\/\/baskerville-tierfutter.de\/uk\/wp-json\/wp\/v2\/types\/page"}],"author":[{"embeddable":true,"href":"https:\/\/baskerville-tierfutter.de\/uk\/wp-json\/wp\/v2\/users\/1"}],"replies":[{"embeddable":true,"href":"https:\/\/baskerville-tierfutter.de\/uk\/wp-json\/wp\/v2\/comments?post=681"}],"version-history":[{"count":3,"href":"https:\/\/baskerville-tierfutter.de\/uk\/wp-json\/wp\/v2\/pages\/681\/revisions"}],"predecessor-version":[{"id":820,"href":"https:\/\/baskerville-tierfutter.de\/uk\/wp-json\/wp\/v2\/pages\/681\/revisions\/820"}],"wp:attachment":[{"href":"https:\/\/baskerville-tierfutter.de\/uk\/wp-json\/wp\/v2\/media?parent=681"}],"curies":[{"name":"wp","href":"https:\/\/api.w.org\/{rel}","templated":true}]}}