{"id":721,"date":"2022-05-18T14:42:02","date_gmt":"2022-05-18T11:42:02","guid":{"rendered":"http:\/\/baskerville-tierfutter.de\/ru\/?page_id=721"},"modified":"2023-09-07T11:17:44","modified_gmt":"2023-09-07T08:17:44","slug":"about-us","status":"publish","type":"page","link":"https:\/\/baskerville-tierfutter.de\/pl\/about-us\/","title":{"rendered":"O nas"},"content":{"rendered":"\n<p class=\"has-text-align-center\"><strong>DLACZEGO BASKERVILLE?<\/strong><\/p>\n\n\n\n<p>\u2022 Unikalna receptura paszy \u201eBaskerville\u201d zosta\u0142a opracowana przez kynolog\u00f3w i lekarzy weterynarii.<\/p>\n\n\n\n<p>\u2022 Szeroka gama produkt\u00f3w uwzgl\u0119dniaj\u0105ca wiek zwierz\u0119cia, poziom aktywno\u015bci, wielko\u015b\u0107 i cechy od\u017cywcze.<\/p>\n\n\n\n<p>\u2022 Tylko \u015bwie\u017ce mi\u0119so, ponad 70% (konserwy) i od 30% (karma sucha).<\/p>\n\n\n\n<p>\u2022 100% naturalnych sk\u0142adnik\u00f3w. Nie zawiera barwnik\u00f3w ani konserwant\u00f3w<\/p>\n\n\n\n<p>\u2022 Wyprodukowano w Niemczech pod \u015bcis\u0142\u0105 kontrol\u0105 jako\u015bci.<\/p>\n\n\n\n<p>Zainspirowani nasz\u0105 mi\u0142o\u015bci\u0105 do zwierz\u0105t, opracowali\u015bmy przepisy, kt\u00f3re nie tylko nakarmi\u0105 Twoje zwierzaki, ale tak\u017ce sprawi\u0105, \u017ce b\u0119d\u0105 zdrowe. Jeste\u015bmy selektywni w doborze sk\u0142adnik\u00f3w, a przy produkcji korzystamy wy\u0142\u0105cznie z najlepszych technologii. Niemcy s\u0105 kolebk\u0105 naszych pasz.<\/p>\n\n\n\n<p>Opracowali\u015bmy w pe\u0142ni zbilansowane linie Super-Premium TM \u201eBaskerville\u201d dostosowane do rasy, wieku, wielko\u015bci i poziomu aktywno\u015bci Twojego zwierzaka.<br>Nasze dania gotujemy z wysokiej jako\u015bci \u015bwie\u017cych sk\u0142adnik\u00f3w \u2013 mi\u0119sa, ryb, owoc\u00f3w i warzyw \u2013 w niskiej temperaturze, aby zachowa\u0107 wszystkie sk\u0142adniki od\u017cywcze i witaminy.<\/p>\n\n\n\n<p>Dla zwierz\u0105t wra\u017cliwych przygotowali\u015bmy gam\u0119 pasz bezzbo\u017cowych, niezawieraj\u0105cych dodatk\u00f3w sojowych, konserwant\u00f3w i GMO. Nasza karma dostarcza zwierz\u0119tom wszystkich niezb\u0119dnych witamin i minera\u0142\u00f3w do pe\u0142nego rozwoju.<\/p>\n\n\n\n<p>Nasza filozofia pozwala nam i\u015b\u0107 do przodu. Jeste\u015bmy Pa\u0144stwu bardzo wdzi\u0119czni za dokonany wyb\u00f3r i zaufanie! W ci\u0105gu 10 lat naszej pracy w dziedzinie karmy dla zwierz\u0105t domowych i zdrowia, nasze produkty jedz\u0105 ju\u017c setki tysi\u0119cy ps\u00f3w i kot\u00f3w w ca\u0142ej Europie.<\/p>\n\n\n\n<p>Nasze dania gotujemy z wysokiej jako\u015bci \u015bwie\u017cych sk\u0142adnik\u00f3w \u2013 mi\u0119sa, ryb, owoc\u00f3w i warzyw \u2013 w niskiej temperaturze, aby zachowa\u0107 wszystkie sk\u0142adniki od\u017cywcze i witaminy. Dla zwierz\u0105t z wra\u017cliwym uk\u0142adem pokarmowym i alergiami przygotowali\u015bmy gam\u0119 pasz bezzbo\u017cowych. Pasza \u201eBaskerville\u201d nie zawiera dodatk\u00f3w sojowych, konserwant\u00f3w i GMO. Nasza karma dostarcza zwierz\u0119tom wszystkich niezb\u0119dnych witamin i minera\u0142\u00f3w do pe\u0142nego rozwoju.<\/p>\n","protected":false},"excerpt":{"rendered":"<p>DLACZEGO BASKERVILLE? \u2022 Unikalna receptura paszy \u201eBaskerville\u201d zosta\u0142a opracowana przez kynolog\u00f3w i lekarzy weterynarii. \u2022 Szeroka gama produkt\u00f3w uwzgl\u0119dniaj\u0105ca wiek zwierz\u0119cia, poziom aktywno\u015bci, wielko\u015b\u0107 i cechy od\u017cywcze. \u2022 Tylko \u015bwie\u017ce mi\u0119so, ponad 70% (konserwy) i od 30% (karma sucha). \u2022 100% naturalnych sk\u0142adnik\u00f3w. Nie zawiera barwnik\u00f3w ani konserwant\u00f3w \u2022 Wyprodukowano w Niemczech pod \u015bcis\u0142\u0105 kontrol\u0105 [&hellip;]<\/p>\n","protected":false},"author":1,"featured_media":0,"parent":0,"menu_order":0,"comment_status":"closed","ping_status":"closed","template":"","meta":{"footnotes":""},"class_list":["post-721","page","type-page","status-publish","hentry","entry"],"_links":{"self":[{"href":"https:\/\/baskerville-tierfutter.de\/pl\/wp-json\/wp\/v2\/pages\/721"}],"collection":[{"href":"https:\/\/baskerville-tierfutter.de\/pl\/wp-json\/wp\/v2\/pages"}],"about":[{"href":"https:\/\/baskerville-tierfutter.de\/pl\/wp-json\/wp\/v2\/types\/page"}],"author":[{"embeddable":true,"href":"https:\/\/baskerville-tierfutter.de\/pl\/wp-json\/wp\/v2\/users\/1"}],"replies":[{"embeddable":true,"href":"https:\/\/baskerville-tierfutter.de\/pl\/wp-json\/wp\/v2\/comments?post=721"}],"version-history":[{"count":10,"href":"https:\/\/baskerville-tierfutter.de\/pl\/wp-json\/wp\/v2\/pages\/721\/revisions"}],"predecessor-version":[{"id":846,"href":"https:\/\/baskerville-tierfutter.de\/pl\/wp-json\/wp\/v2\/pages\/721\/revisions\/846"}],"wp:attachment":[{"href":"https:\/\/baskerville-tierfutter.de\/pl\/wp-json\/wp\/v2\/media?parent=721"}],"curies":[{"name":"wp","href":"https:\/\/api.w.org\/{rel}","templated":true}]}}