{"id":681,"date":"2021-03-24T13:26:07","date_gmt":"2021-03-24T10:26:07","guid":{"rendered":"http:\/\/baskerville-tierfutter.de\/de\/?page_id=681"},"modified":"2022-05-22T21:01:05","modified_gmt":"2022-05-22T18:01:05","slug":"impressum","status":"publish","type":"page","link":"https:\/\/baskerville-tierfutter.de\/pl\/impressum\/","title":{"rendered":"Impressum"},"content":{"rendered":"\n<p><strong>Firmenname:<\/strong><\/p>\n\n\n\n<p>Arvil Handels GmbH<\/p>\n\n\n\n<p><strong>Vertreten durch den Gesch\u00e4ftsf\u00fchrer:<\/strong><\/p>\n\n\n\n<p>Alexander Rudgartser<\/p>\n\n\n\n<p><strong>Handelsregister-Nr.:<\/strong><\/p>\n\n\n\n<p>Registergericht Duisburg HRB 24548<\/p>\n\n\n\n<p><strong>USt-IdNr.:<\/strong><\/p>\n\n\n\n<p>DE 815405567<strong><\/strong><\/p>\n\n\n\n<p><strong>Kundenkontakt:<\/strong><\/p>\n\n\n\n<p>E-Mail: info@arvil.de<br><a href=\"http:\/\/www.baskerville-tierfutter.de\">www.baskerville-tierfutter.de<\/a><\/p>\n\n\n\n<p><br><strong>Adresse:<\/strong><\/p>\n\n\n\n<p>Nebenbank 4<\/p>\n\n\n\n<p>45472 M\u00fclheim an der Ruhr<\/p>\n\n\n\n<p>Tel.: +49 173 5176904<br>Fax: +49 208 76825861<\/p>\n\n\n\n<p><strong>Bankverbindung<\/strong><\/p>\n\n\n\n<p>Sparkasse M\u00fclheim an der Ruhr<br>BLZ: 36250000<br>Konto-Nr.: 0175 1320 31<br>IBAN: DE17 3625 0000 0175 1320 31<\/p>\n\n\n\n<p>BIC: SPMHDE3EXXX<\/p>\n\n\n\n<p><strong>Haftungshinweis<\/strong><\/p>\n\n\n\n<p>Trotz sorgf\u00e4ltiger inhaltlicher Kontrolle<br>\u00fcbernehmen wir keine Haftung f\u00fcr die<br>Inhalte externer Links.<br>F\u00fcr den Inhalt der verlinkten Seiten sind<br>ausschlie\u00dflich deren<br>Betreiber verantwortlich.<\/p>\n","protected":false},"excerpt":{"rendered":"<p>Firmenname: Arvil Handels GmbH Vertreten durch den Gesch\u00e4ftsf\u00fchrer: Alexander Rudgartser Handelsregister-Nr.: Registergericht Duisburg HRB 24548 USt-IdNr.: DE 815405567 Kundenkontakt: E-Mail: info@arvil.dewww.baskerville-tierfutter.de Adresse: Nebenbank 4 45472 M\u00fclheim an der Ruhr Tel.: +49 173 5176904Fax: +49 208 76825861 Bankverbindung Sparkasse M\u00fclheim an der RuhrBLZ: 36250000Konto-Nr.: 0175 1320 31IBAN: DE17 3625 0000 0175 1320 31 BIC: SPMHDE3EXXX Haftungshinweis [&hellip;]<\/p>\n","protected":false},"author":1,"featured_media":0,"parent":0,"menu_order":0,"comment_status":"closed","ping_status":"closed","template":"","meta":{"footnotes":""},"class_list":["post-681","page","type-page","status-publish","hentry","entry"],"_links":{"self":[{"href":"https:\/\/baskerville-tierfutter.de\/pl\/wp-json\/wp\/v2\/pages\/681"}],"collection":[{"href":"https:\/\/baskerville-tierfutter.de\/pl\/wp-json\/wp\/v2\/pages"}],"about":[{"href":"https:\/\/baskerville-tierfutter.de\/pl\/wp-json\/wp\/v2\/types\/page"}],"author":[{"embeddable":true,"href":"https:\/\/baskerville-tierfutter.de\/pl\/wp-json\/wp\/v2\/users\/1"}],"replies":[{"embeddable":true,"href":"https:\/\/baskerville-tierfutter.de\/pl\/wp-json\/wp\/v2\/comments?post=681"}],"version-history":[{"count":3,"href":"https:\/\/baskerville-tierfutter.de\/pl\/wp-json\/wp\/v2\/pages\/681\/revisions"}],"predecessor-version":[{"id":820,"href":"https:\/\/baskerville-tierfutter.de\/pl\/wp-json\/wp\/v2\/pages\/681\/revisions\/820"}],"wp:attachment":[{"href":"https:\/\/baskerville-tierfutter.de\/pl\/wp-json\/wp\/v2\/media?parent=681"}],"curies":[{"name":"wp","href":"https:\/\/api.w.org\/{rel}","templated":true}]}}