{"id":721,"date":"2022-05-18T14:42:02","date_gmt":"2022-05-18T11:42:02","guid":{"rendered":"http:\/\/baskerville-tierfutter.de\/ru\/?page_id=721"},"modified":"2023-09-07T11:17:44","modified_gmt":"2023-09-07T08:17:44","slug":"about-us","status":"publish","type":"page","link":"https:\/\/baskerville-tierfutter.de\/en\/about-us\/","title":{"rendered":"About us"},"content":{"rendered":"\n<p class=\"has-text-align-center\"><strong>WARUM BASKERVILLE?<\/strong><\/p>\n\n\n\n<p><br>\u2022 Die einzigartige Rezeptur des Futters \u201eBaskerville\u201c wurde von Kynologen und Tier\u00e4rzten entwickelt.<\/p>\n\n\n\n<p>\u2022 Eine breite Produktpalette unter Ber\u00fccksichtigung von Alter, Aktivit\u00e4t, Gr\u00f6\u00dfe und Ern\u00e4hrungseigenschaften des Tieres.<\/p>\n\n\n\n<p>\u2022 Nur frisches Fleisch, \u00fcber 70 % (Konserven) und ab 30 % (Trockenfutter).<\/p>\n\n\n\n<p>\u2022 100 % nat\u00fcrliche Inhaltsstoffe. Enth\u00e4lt keine Farb- und Konservierungsstoffe<\/p>\n\n\n\n<p>\u2022 Hergestellt in Deutschland unter strenger Qualit\u00e4tskontrolle.<\/p>\n\n\n\n<p>Inspiriert von unserer Tierliebe haben wir Rezepte entwickelt, die Ihre Lieblinge nicht nur satt, sondern auch gesund machen. Wir sind selektiv bei der Auswahl der Zutaten und verwenden nur die besten Technologien in der Produktion. Deutschland ist der Geburtsort unserer Feeds.<\/p>\n\n\n\n<p>Wir haben vollst\u00e4ndig ausgewogene Super-Premium TM &#8220;Baskerville&#8221;-Linien entwickelt, die der Rasse, dem Alter, der Gr\u00f6\u00dfe und der Aktivit\u00e4t Ihres Haustieres entsprechen.<br>Wir kochen unsere Speisen aus hochwertigen frischen Zutaten &#8211; Fleisch, Fisch, Obst und Gem\u00fcse &#8211; bei niedriger Temperatur, um alle N\u00e4hrstoffe und Vitamine zu erhalten.<\/p>\n\n\n\n<p>F\u00fcr empfindliche Tiere haben wir eine Reihe getreidefreier Futtermittel vorbereitet, die keine Sojazus\u00e4tze, Konservierungsstoffe und GVO enthalten. Unser Futter versorgt Haustiere mit allen notwendigen Vitaminen und Mineralstoffen f\u00fcr eine volle Entwicklung.<\/p>\n\n\n\n<p>Unsere Philosophie bringt uns st\u00e4ndig voran. Wir sind Ihnen sehr dankbar f\u00fcr Ihre Wahl und Ihr Vertrauen! So fressen in 10 Jahren unserer Arbeit im Bereich Heimtiernahrung und -gesundheit bereits Hunderttausende von Hunden und Katzen in ganz Europa unsere Produkte.<\/p>\n\n\n\n<p>Wir kochen unsere Speisen aus hochwertigen frischen Zutaten &#8211; Fleisch, Fisch, Obst und Gem\u00fcse &#8211; bei niedriger Temperatur, um alle N\u00e4hrstoffe und Vitamine zu erhalten. F\u00fcr Tiere mit empfindlicher Verdauung und Allergien haben wir eine Reihe getreidefreier Futtermittel vorbereitet. Futter &#8220;Baskerville&#8221; enth\u00e4lt keine Sojazusatzstoffe, Konservierungsstoffe und GVO. Unser Futter versorgt Haustiere mit allen notwendigen Vitaminen und Mineralstoffen f\u00fcr eine volle Entwicklung.<\/p>\n","protected":false},"excerpt":{"rendered":"<p>WARUM BASKERVILLE? \u2022 Die einzigartige Rezeptur des Futters \u201eBaskerville\u201c wurde von Kynologen und Tier\u00e4rzten entwickelt. \u2022 Eine breite Produktpalette unter Ber\u00fccksichtigung von Alter, Aktivit\u00e4t, Gr\u00f6\u00dfe und Ern\u00e4hrungseigenschaften des Tieres. \u2022 Nur frisches Fleisch, \u00fcber 70 % (Konserven) und ab 30 % (Trockenfutter). \u2022 100 % nat\u00fcrliche Inhaltsstoffe. Enth\u00e4lt keine Farb- und Konservierungsstoffe \u2022 Hergestellt in [&hellip;]<\/p>\n","protected":false},"author":1,"featured_media":0,"parent":0,"menu_order":0,"comment_status":"closed","ping_status":"closed","template":"","meta":{"footnotes":""},"class_list":["post-721","page","type-page","status-publish","hentry","entry"],"_links":{"self":[{"href":"https:\/\/baskerville-tierfutter.de\/en\/wp-json\/wp\/v2\/pages\/721"}],"collection":[{"href":"https:\/\/baskerville-tierfutter.de\/en\/wp-json\/wp\/v2\/pages"}],"about":[{"href":"https:\/\/baskerville-tierfutter.de\/en\/wp-json\/wp\/v2\/types\/page"}],"author":[{"embeddable":true,"href":"https:\/\/baskerville-tierfutter.de\/en\/wp-json\/wp\/v2\/users\/1"}],"replies":[{"embeddable":true,"href":"https:\/\/baskerville-tierfutter.de\/en\/wp-json\/wp\/v2\/comments?post=721"}],"version-history":[{"count":10,"href":"https:\/\/baskerville-tierfutter.de\/en\/wp-json\/wp\/v2\/pages\/721\/revisions"}],"predecessor-version":[{"id":846,"href":"https:\/\/baskerville-tierfutter.de\/en\/wp-json\/wp\/v2\/pages\/721\/revisions\/846"}],"wp:attachment":[{"href":"https:\/\/baskerville-tierfutter.de\/en\/wp-json\/wp\/v2\/media?parent=721"}],"curies":[{"name":"wp","href":"https:\/\/api.w.org\/{rel}","templated":true}]}}